{"id":101,"date":"2015-07-20T04:35:57","date_gmt":"2015-07-20T04:35:57","guid":{"rendered":"http:\/\/aresivel.wiloke.net\/?page_id=101"},"modified":"2023-01-21T07:12:03","modified_gmt":"2023-01-21T07:12:03","slug":"apartmani-marta-novigrad-nama","status":"publish","type":"page","link":"https:\/\/apartmani-marta.com\/de\/","title":{"rendered":"Ferienwohnungen Marta Novigrad &#8211; \u00dcber uns"},"content":{"rendered":"Willkommen auf der Seite von Privatunterkunft\u00a0 &#8211; <strong><em>Marta<\/em><\/strong><\/p>\n<p><em><img loading=\"lazy\" decoding=\"async\" class=\"alignleft wp-image-333 size-medium\" src=\"http:\/\/apartmani-marta.com\/wp-content\/uploads\/2015\/07\/kuca-1nova-300x225.jpg\" alt=\"apartmani marta novigrad\" width=\"300\" height=\"225\" srcset=\"https:\/\/apartmani-marta.com\/wp-content\/uploads\/2015\/07\/kuca-1nova-300x225.jpg 300w, https:\/\/apartmani-marta.com\/wp-content\/uploads\/2015\/07\/kuca-1nova.jpg 500w\" sizes=\"auto, (max-width: 300px) 100vw, 300px\" \/>Marta<\/em> bietet <a href=\"http:\/\/apartmani-marta.com\/apartmani\/\"><strong>drei voll ausgestattete und komfortable Ferienwohnungen<\/strong><\/a> in Novigrad, Kroatien.<\/p>\n<p>Wir sind ein <strong>Familienbetrieb und unser Haus liegt in einem ruhigen Stadtwohnteil von <a href=\"http:\/\/apartmani-marta.com\/apartmani\/\">Novigrad<\/a><\/strong>, <strong>nur 15min vom Stadtzentrum zu Fu\u00df und 10min bis zum Stand<\/strong>.\u00a0 Unsere hervorragende Lage l\u00e4dt dazu ein die Stadt sowohl als auch den Strand zu erforschen und zu genie\u00dfen.<\/p>\n<p>Seit <strong>\u00fcber drei\u00dfig Jahren<\/strong> kommen unsere G\u00e4ste uns regelm\u00e4\u00dfig besuchen was ein Testament unserer Gastfreundschaft und unserer Dienstleistungen ist.\u00a0 Wir sind stolz auf die Freundschaften, welche sich \u00fcber die letzten 30 Jahre gebildet haben.\u00a0 Wir hei\u00dfen Sie bei uns mit einer hausgemachten Flasche Wei\u00dfwein herzlich willkommen und freuen uns schon auf Ihren Besuch.<\/p>\n<p><strong>Es ist f\u00fcr uns sehr wichtig, da\u00df Sie sich bei uns zu Hause f\u00fchlen<\/strong> und Ihren Aufenthalt voll genie\u00dfen. Es gibt viele nat\u00fcrliche Attraktionen, sportliche Einrichtungen, kulturelle Ereignisse sowohl als auch Feste in unserer direkten Umgebung und wir stehen Ihnen gerne mit Ausk\u00fcnften und Informationen zu Verf\u00fcgung.<\/p>\n<p>Wir haben eine kleine B\u00e4ckerei gleich um die Ecke. Dazu gibt es in unserer direkten Nachbarschaft\u00a0 mehrere ber\u00fchmte Restaurants wo sie die Spezialit\u00e4ten der istrischen K\u00fcche genie\u00dfen k\u00f6nnen.<\/p>\n<p>\u00dcber die letzten Jahre ist das Netzwerk der Fahrradwege in Novigrad und Umbegung sowohl ausgebaut als auch <img loading=\"lazy\" decoding=\"async\" class=\"size-thumbnail wp-image-531 alignright\" src=\"http:\/\/apartmani-marta.com\/wp-content\/uploads\/2015\/07\/Apartmani-Marta-okucnica-2-150x150.jpg\" alt=\"\" width=\"150\" height=\"150\" srcset=\"https:\/\/apartmani-marta.com\/wp-content\/uploads\/2015\/07\/Apartmani-Marta-okucnica-2-150x150.jpg 150w, https:\/\/apartmani-marta.com\/wp-content\/uploads\/2015\/07\/Apartmani-Marta-okucnica-2-100x100.jpg 100w\" sizes=\"auto, (max-width: 150px) 100vw, 150px\" \/>erneuert worden. Viele unserer G\u00e4ste nutzen unsere ideale Lage als <strong>Basis f\u00fcr ihre Fahrradabenteuer<\/strong> (<a href=\"http:\/\/www.istra-bike.com\">www.istria-bike.com<\/a>)<\/p>\n<p>Unsere Hauptsaison ist im Sommer, doch es lohnt sich besonders uns auch im Fr\u00fchjahr und Herbst zu besuchen, denn viele unserer Naturattraktionen sind zu diesen Jahreszeiten am sch\u00f6nsten.\u00a0 <strong>Warum kommen sie uns nicht im September besuchen?\u00a0 Luft- und Meertemperaturen sind immer noch wunderbar warm, aber es ist viel ruhiger und wunderbar enstpannend<\/strong>.\u00a0 Als Einheimische k\u00f6nnen wir es ihnen nur empfehlen uns im Fr\u00fchjahr und Herbst zu besuchen.<\/p>\n<h1 id=\"lokacija\">Lage<\/h1>\n<p><iframe loading=\"lazy\" style=\"border: 0;\" src=\"https:\/\/www.google.com\/maps\/embed?pb=!1m18!1m12!1m3!1d9224.448658775273!2d13.56703079999999!3d45.3258106!2m3!1f0!2f0!3f0!3m2!1i1024!2i768!4f13.1!3m3!1m2!1s0x0%3A0x1ef4f7b2c913e14f!2sApartments+Marta!5e1!3m2!1shr!2shr!4v1534083603741\" width=\"600\" height=\"450\" frameborder=\"0\" allowfullscreen=\"allowfullscreen\"><\/iframe>","protected":false},"excerpt":{"rendered":"<p>Willkommen auf der Seite von Privatunterkunft\u00a0 &#8211; Marta Marta bietet drei voll ausgestattete und komfortable Ferienwohnungen in Novigrad, Kroatien. Wir sind ein Familienbetrieb und unser Haus liegt in einem ruhigen Stadtwohnteil von Novigrad, nur 15min vom Stadtzentrum zu Fu\u00df und 10min bis zum Stand.\u00a0 Unsere hervorragende Lage l\u00e4dt dazu ein die Stadt sowohl als auch<\/p>\n","protected":false},"author":1,"featured_media":0,"parent":0,"menu_order":0,"comment_status":"closed","ping_status":"closed","template":"","meta":{"_exactmetrics_skip_tracking":false,"_exactmetrics_sitenote_active":false,"_exactmetrics_sitenote_note":"","_exactmetrics_sitenote_category":0,"footnotes":""},"class_list":["post-101","page","type-page","status-publish","hentry"],"yoast_head":"<!-- This site is optimized with the Yoast SEO plugin v27.2 - https:\/\/yoast.com\/product\/yoast-seo-wordpress\/ -->\n<title>Ferienwohnungen Marta Novigrad - \u00dcber uns - Apartmani Marta Novigrad Istra Hrvatska<\/title>\n<meta name=\"description\" content=\"HR- obiteljska ku\u0107a smje\u0161tena u mirnom rezidencijalnom dijelu Novigrada \/ family home situated in the quiet residential part of Novigrad\" \/>\n<meta name=\"robots\" content=\"index, follow, max-snippet:-1, max-image-preview:large, max-video-preview:-1\" \/>\n<link rel=\"canonical\" href=\"https:\/\/apartmani-marta.com\/\" \/>\n<meta property=\"og:locale\" content=\"de_DE\" \/>\n<meta property=\"og:type\" content=\"article\" \/>\n<meta property=\"og:title\" content=\"Ferienwohnungen Marta Novigrad - \u00dcber uns - Apartmani Marta Novigrad Istra Hrvatska\" \/>\n<meta property=\"og:description\" content=\"HR- obiteljska ku\u0107a smje\u0161tena u mirnom rezidencijalnom dijelu Novigrada \/ family home situated in the quiet residential part of Novigrad\" \/>\n<meta property=\"og:url\" content=\"https:\/\/apartmani-marta.com\/\" \/>\n<meta property=\"og:site_name\" content=\"Apartmani Marta Novigrad Istra Hrvatska\" \/>\n<meta property=\"article:modified_time\" content=\"2023-01-21T07:12:03+00:00\" \/>\n<meta property=\"og:image\" content=\"http:\/\/apartmani-marta.com\/wp-content\/uploads\/2015\/07\/kuca-1nova-300x225.jpg\" \/>\n<meta name=\"twitter:card\" content=\"summary_large_image\" \/>\n<meta name=\"twitter:label1\" content=\"Gesch\u00e4tzte Lesezeit\" \/>\n\t<meta name=\"twitter:data1\" content=\"9\u00a0Minuten\" \/>\n<script type=\"application\/ld+json\" class=\"yoast-schema-graph\">{\"@context\":\"https:\/\/schema.org\",\"@graph\":[{\"@type\":\"WebPage\",\"@id\":\"https:\/\/apartmani-marta.com\/\",\"url\":\"https:\/\/apartmani-marta.com\/\",\"name\":\"Ferienwohnungen Marta Novigrad - \u00dcber uns - Apartmani Marta Novigrad Istra Hrvatska\",\"isPartOf\":{\"@id\":\"https:\/\/apartmani-marta.com\/#website\"},\"primaryImageOfPage\":{\"@id\":\"https:\/\/apartmani-marta.com\/#primaryimage\"},\"image\":{\"@id\":\"https:\/\/apartmani-marta.com\/#primaryimage\"},\"thumbnailUrl\":\"http:\/\/apartmani-marta.com\/wp-content\/uploads\/2015\/07\/kuca-1nova-300x225.jpg\",\"datePublished\":\"2015-07-20T04:35:57+00:00\",\"dateModified\":\"2023-01-21T07:12:03+00:00\",\"description\":\"HR- obiteljska ku\u0107a smje\u0161tena u mirnom rezidencijalnom dijelu Novigrada \/ family home situated in the quiet residential part of Novigrad\",\"breadcrumb\":{\"@id\":\"https:\/\/apartmani-marta.com\/#breadcrumb\"},\"inLanguage\":\"de\",\"potentialAction\":[{\"@type\":\"ReadAction\",\"target\":[\"https:\/\/apartmani-marta.com\/\"]}]},{\"@type\":\"ImageObject\",\"inLanguage\":\"de\",\"@id\":\"https:\/\/apartmani-marta.com\/#primaryimage\",\"url\":\"http:\/\/apartmani-marta.com\/wp-content\/uploads\/2015\/07\/kuca-1nova-300x225.jpg\",\"contentUrl\":\"http:\/\/apartmani-marta.com\/wp-content\/uploads\/2015\/07\/kuca-1nova-300x225.jpg\"},{\"@type\":\"BreadcrumbList\",\"@id\":\"https:\/\/apartmani-marta.com\/#breadcrumb\",\"itemListElement\":[{\"@type\":\"ListItem\",\"position\":1,\"name\":\"Po\u010detna stranica\",\"item\":\"https:\/\/apartmani-marta.com\/\"},{\"@type\":\"ListItem\",\"position\":2,\"name\":\"Apartmani Marta Novigrad &#8211; O nama\"}]},{\"@type\":\"WebSite\",\"@id\":\"https:\/\/apartmani-marta.com\/#website\",\"url\":\"https:\/\/apartmani-marta.com\/\",\"name\":\"Apartmani Marta Novigrad Istra Hrvatska\",\"description\":\"Za va\u0161 odmor u Novigradu smje\u0161taj u tri komforna apartmana.\",\"potentialAction\":[{\"@type\":\"SearchAction\",\"target\":{\"@type\":\"EntryPoint\",\"urlTemplate\":\"https:\/\/apartmani-marta.com\/?s={search_term_string}\"},\"query-input\":{\"@type\":\"PropertyValueSpecification\",\"valueRequired\":true,\"valueName\":\"search_term_string\"}}],\"inLanguage\":\"de\"}]}<\/script>\n<!-- \/ Yoast SEO plugin. -->","yoast_head_json":{"title":"Ferienwohnungen Marta Novigrad - \u00dcber uns - Apartmani Marta Novigrad Istra Hrvatska","description":"HR- obiteljska ku\u0107a smje\u0161tena u mirnom rezidencijalnom dijelu Novigrada \/ family home situated in the quiet residential part of Novigrad","robots":{"index":"index","follow":"follow","max-snippet":"max-snippet:-1","max-image-preview":"max-image-preview:large","max-video-preview":"max-video-preview:-1"},"canonical":"https:\/\/apartmani-marta.com\/","og_locale":"de_DE","og_type":"article","og_title":"Ferienwohnungen Marta Novigrad - \u00dcber uns - Apartmani Marta Novigrad Istra Hrvatska","og_description":"HR- obiteljska ku\u0107a smje\u0161tena u mirnom rezidencijalnom dijelu Novigrada \/ family home situated in the quiet residential part of Novigrad","og_url":"https:\/\/apartmani-marta.com\/","og_site_name":"Apartmani Marta Novigrad Istra Hrvatska","article_modified_time":"2023-01-21T07:12:03+00:00","og_image":[{"url":"http:\/\/apartmani-marta.com\/wp-content\/uploads\/2015\/07\/kuca-1nova-300x225.jpg","type":"","width":"","height":""}],"twitter_card":"summary_large_image","twitter_misc":{"Gesch\u00e4tzte Lesezeit":"9\u00a0Minuten"},"schema":{"@context":"https:\/\/schema.org","@graph":[{"@type":"WebPage","@id":"https:\/\/apartmani-marta.com\/","url":"https:\/\/apartmani-marta.com\/","name":"Ferienwohnungen Marta Novigrad - \u00dcber uns - Apartmani Marta Novigrad Istra Hrvatska","isPartOf":{"@id":"https:\/\/apartmani-marta.com\/#website"},"primaryImageOfPage":{"@id":"https:\/\/apartmani-marta.com\/#primaryimage"},"image":{"@id":"https:\/\/apartmani-marta.com\/#primaryimage"},"thumbnailUrl":"http:\/\/apartmani-marta.com\/wp-content\/uploads\/2015\/07\/kuca-1nova-300x225.jpg","datePublished":"2015-07-20T04:35:57+00:00","dateModified":"2023-01-21T07:12:03+00:00","description":"HR- obiteljska ku\u0107a smje\u0161tena u mirnom rezidencijalnom dijelu Novigrada \/ family home situated in the quiet residential part of Novigrad","breadcrumb":{"@id":"https:\/\/apartmani-marta.com\/#breadcrumb"},"inLanguage":"de","potentialAction":[{"@type":"ReadAction","target":["https:\/\/apartmani-marta.com\/"]}]},{"@type":"ImageObject","inLanguage":"de","@id":"https:\/\/apartmani-marta.com\/#primaryimage","url":"http:\/\/apartmani-marta.com\/wp-content\/uploads\/2015\/07\/kuca-1nova-300x225.jpg","contentUrl":"http:\/\/apartmani-marta.com\/wp-content\/uploads\/2015\/07\/kuca-1nova-300x225.jpg"},{"@type":"BreadcrumbList","@id":"https:\/\/apartmani-marta.com\/#breadcrumb","itemListElement":[{"@type":"ListItem","position":1,"name":"Po\u010detna stranica","item":"https:\/\/apartmani-marta.com\/"},{"@type":"ListItem","position":2,"name":"Apartmani Marta Novigrad &#8211; O nama"}]},{"@type":"WebSite","@id":"https:\/\/apartmani-marta.com\/#website","url":"https:\/\/apartmani-marta.com\/","name":"Apartmani Marta Novigrad Istra Hrvatska","description":"Za va\u0161 odmor u Novigradu smje\u0161taj u tri komforna apartmana.","potentialAction":[{"@type":"SearchAction","target":{"@type":"EntryPoint","urlTemplate":"https:\/\/apartmani-marta.com\/?s={search_term_string}"},"query-input":{"@type":"PropertyValueSpecification","valueRequired":true,"valueName":"search_term_string"}}],"inLanguage":"de"}]}},"_links":{"self":[{"href":"https:\/\/apartmani-marta.com\/de\/wp-json\/wp\/v2\/pages\/101","targetHints":{"allow":["GET"]}}],"collection":[{"href":"https:\/\/apartmani-marta.com\/de\/wp-json\/wp\/v2\/pages"}],"about":[{"href":"https:\/\/apartmani-marta.com\/de\/wp-json\/wp\/v2\/types\/page"}],"author":[{"embeddable":true,"href":"https:\/\/apartmani-marta.com\/de\/wp-json\/wp\/v2\/users\/1"}],"replies":[{"embeddable":true,"href":"https:\/\/apartmani-marta.com\/de\/wp-json\/wp\/v2\/comments?post=101"}],"version-history":[{"count":5,"href":"https:\/\/apartmani-marta.com\/de\/wp-json\/wp\/v2\/pages\/101\/revisions"}],"predecessor-version":[{"id":754,"href":"https:\/\/apartmani-marta.com\/de\/wp-json\/wp\/v2\/pages\/101\/revisions\/754"}],"wp:attachment":[{"href":"https:\/\/apartmani-marta.com\/de\/wp-json\/wp\/v2\/media?parent=101"}],"curies":[{"name":"wp","href":"https:\/\/api.w.org\/{rel}","templated":true}]}}