{"id":425,"date":"2017-03-03T20:53:22","date_gmt":"2017-03-03T20:53:22","guid":{"rendered":"http:\/\/apartmani-marta.com\/?page_id=425"},"modified":"2024-07-27T13:40:32","modified_gmt":"2024-07-27T13:40:32","slug":"kontakt","status":"publish","type":"page","link":"https:\/\/apartmani-marta.com\/de\/kontakt\/","title":{"rendered":"Lage und Kontakt"},"content":{"rendered":"<h1 id=\"lokacija\">Lage<\/h1>\n<p><iframe loading=\"lazy\" style=\"border: 0;\" src=\"https:\/\/www.google.com\/maps\/embed?pb=!1m18!1m12!1m3!1d9224.448658775273!2d13.56703079999999!3d45.3258106!2m3!1f0!2f0!3f0!3m2!1i1024!2i768!4f13.1!3m3!1m2!1s0x0%3A0x1ef4f7b2c913e14f!2sApartments+Marta!5e1!3m2!1shr!2shr!4v1534083603741\" width=\"600\" height=\"450\" frameborder=\"0\" allowfullscreen=\"allowfullscreen\"><\/iframe><\/p>\n<h1 id=\"kontakt\">Kontakt<\/h1>\n\n<div class=\"wpcf7 no-js\" id=\"wpcf7-f500-o3\" lang=\"hr\" dir=\"ltr\" data-wpcf7-id=\"500\">\n<div class=\"screen-reader-response\"><p role=\"status\" aria-live=\"polite\" aria-atomic=\"true\"><\/p> <ul><\/ul><\/div>\n<form action=\"\/de\/wp-json\/wp\/v2\/pages\/425#wpcf7-f500-o3\" method=\"post\" class=\"wpcf7-form init\" aria-label=\"Kontakt obrazac\" novalidate=\"novalidate\" data-status=\"init\">\n<fieldset class=\"hidden-fields-container\"><input type=\"hidden\" name=\"_wpcf7\" value=\"500\" \/><input type=\"hidden\" name=\"_wpcf7_version\" value=\"6.1.5\" \/><input type=\"hidden\" name=\"_wpcf7_locale\" value=\"hr\" \/><input type=\"hidden\" name=\"_wpcf7_unit_tag\" value=\"wpcf7-f500-o3\" \/><input type=\"hidden\" name=\"_wpcf7_container_post\" value=\"0\" \/><input type=\"hidden\" name=\"_wpcf7_posted_data_hash\" value=\"\" \/><input type=\"hidden\" name=\"_wpcf7_recaptcha_response\" value=\"\" \/>\n<\/fieldset>\n<p><label> Ihre Name (erforderlich)<br \/>\n<span class=\"wpcf7-form-control-wrap\" data-name=\"your-name\"><input size=\"40\" maxlength=\"400\" class=\"wpcf7-form-control wpcf7-text wpcf7-validates-as-required\" aria-required=\"true\" aria-invalid=\"false\" value=\"\" type=\"text\" name=\"your-name\" \/><\/span> <\/label>\n<\/p>\n<p><label> Ihre Email (erforderlich)<br \/>\n<span class=\"wpcf7-form-control-wrap\" data-name=\"your-email\"><input size=\"40\" maxlength=\"400\" class=\"wpcf7-form-control wpcf7-email wpcf7-validates-as-required wpcf7-text wpcf7-validates-as-email\" aria-required=\"true\" aria-invalid=\"false\" value=\"\" type=\"email\" name=\"your-email\" \/><\/span> <\/label>\n<\/p>\n<p><label> Ihre Nachricht<br \/>\n<span class=\"wpcf7-form-control-wrap\" data-name=\"your-message\"><textarea cols=\"75\" rows=\"10\" maxlength=\"2000\" class=\"wpcf7-form-control wpcf7-textarea\" aria-invalid=\"false\" name=\"your-message\"><\/textarea><\/span> <\/label>\n<\/p>\n<p><input class=\"wpcf7-form-control wpcf7-submit has-spinner\" type=\"submit\" value=\"Senden\" \/>\n<\/p><div class=\"wpcf7-response-output\" aria-hidden=\"true\"><\/div>\n<\/form>\n<\/div>\n\nERKL\u00c4RUNG ZUM SCHUTZ PERSONENBEZOGENER DATEN<br \/>\nAlle Ihre pers\u00f6nlichen Daten, die wir \u00fcber die Website sammeln, werden gem\u00e4\u00df dem Gesetz zum Schutz personenbezogener Daten sowie den geltenden Vorschriften der Republik Kroatien zum Schutz personenbezogener Daten erhoben, verarbeitet und gespeichert. Durch die Erfassung oder Nutzung dieser Website best\u00e4tigen Sie, dass Sie diese Datenschutzerkl\u00e4rung gelesen und verstanden haben und ihr zustimmen.","protected":false},"excerpt":{"rendered":"<p>Lage Kontakt ERKL\u00c4RUNG ZUM SCHUTZ PERSONENBEZOGENER DATEN Alle Ihre pers\u00f6nlichen Daten, die wir \u00fcber die Website sammeln, werden gem\u00e4\u00df dem Gesetz zum Schutz personenbezogener Daten sowie den geltenden Vorschriften der Republik Kroatien zum Schutz personenbezogener Daten erhoben, verarbeitet und gespeichert. Durch die Erfassung oder Nutzung dieser Website best\u00e4tigen Sie, dass Sie diese Datenschutzerkl\u00e4rung gelesen und<\/p>\n","protected":false},"author":1,"featured_media":0,"parent":0,"menu_order":0,"comment_status":"closed","ping_status":"closed","template":"","meta":{"_exactmetrics_skip_tracking":false,"_exactmetrics_sitenote_active":false,"_exactmetrics_sitenote_note":"","_exactmetrics_sitenote_category":0,"footnotes":""},"class_list":["post-425","page","type-page","status-publish","hentry"],"yoast_head":"<!-- This site is optimized with the Yoast SEO plugin v27.2 - https:\/\/yoast.com\/product\/yoast-seo-wordpress\/ -->\n<title>Lage und Kontakt - Apartmani Marta Novigrad Istra Hrvatska<\/title>\n<meta name=\"description\" content=\"(Hrvatski) Apartmani Marta Novigrad Lokacija i Kontakt: Istarska 17, 52466 Novigrad, Istra, Hrvatska \/ appmarta.novigrad@gmail.com\" \/>\n<meta name=\"robots\" content=\"index, follow, max-snippet:-1, max-image-preview:large, max-video-preview:-1\" \/>\n<link rel=\"canonical\" href=\"https:\/\/apartmani-marta.com\/kontakt\/\" \/>\n<meta property=\"og:locale\" content=\"de_DE\" \/>\n<meta property=\"og:type\" content=\"article\" \/>\n<meta property=\"og:title\" content=\"Lage und Kontakt - Apartmani Marta Novigrad Istra Hrvatska\" \/>\n<meta property=\"og:description\" content=\"{:hr}Apartmani Marta Novigrad Lokacija i Kontakt: Istarska 17, 52466 Novigrad, Istra, Hrvatska \/ appmarta.novigrad@gmail.com{:}\" \/>\n<meta property=\"og:url\" content=\"https:\/\/apartmani-marta.com\/kontakt\/\" \/>\n<meta property=\"og:site_name\" content=\"Apartmani Marta Novigrad Istra Hrvatska\" \/>\n<meta property=\"article:modified_time\" content=\"2024-07-27T13:40:32+00:00\" \/>\n<meta name=\"twitter:card\" content=\"summary_large_image\" \/>\n<meta name=\"twitter:label1\" content=\"Gesch\u00e4tzte Lesezeit\" \/>\n\t<meta name=\"twitter:data1\" content=\"2\u00a0Minuten\" \/>\n<script type=\"application\/ld+json\" class=\"yoast-schema-graph\">{\"@context\":\"https:\/\/schema.org\",\"@graph\":[{\"@type\":\"WebPage\",\"@id\":\"https:\/\/apartmani-marta.com\/kontakt\/\",\"url\":\"https:\/\/apartmani-marta.com\/kontakt\/\",\"name\":\"Lage und Kontakt - Apartmani Marta Novigrad Istra Hrvatska\",\"isPartOf\":{\"@id\":\"https:\/\/apartmani-marta.com\/#website\"},\"datePublished\":\"2017-03-03T20:53:22+00:00\",\"dateModified\":\"2024-07-27T13:40:32+00:00\",\"description\":\"{:hr}Apartmani Marta Novigrad Lokacija i Kontakt: Istarska 17, 52466 Novigrad, Istra, Hrvatska \/ appmarta.novigrad@gmail.com{:}\",\"breadcrumb\":{\"@id\":\"https:\/\/apartmani-marta.com\/kontakt\/#breadcrumb\"},\"inLanguage\":\"de\",\"potentialAction\":[{\"@type\":\"ReadAction\",\"target\":[\"https:\/\/apartmani-marta.com\/kontakt\/\"]}]},{\"@type\":\"BreadcrumbList\",\"@id\":\"https:\/\/apartmani-marta.com\/kontakt\/#breadcrumb\",\"itemListElement\":[{\"@type\":\"ListItem\",\"position\":1,\"name\":\"Po\u010detna stranica\",\"item\":\"https:\/\/apartmani-marta.com\/\"},{\"@type\":\"ListItem\",\"position\":2,\"name\":\"Lokacija i kontakt\"}]},{\"@type\":\"WebSite\",\"@id\":\"https:\/\/apartmani-marta.com\/#website\",\"url\":\"https:\/\/apartmani-marta.com\/\",\"name\":\"Apartmani Marta Novigrad Istra Hrvatska\",\"description\":\"Za va\u0161 odmor u Novigradu smje\u0161taj u tri komforna apartmana.\",\"potentialAction\":[{\"@type\":\"SearchAction\",\"target\":{\"@type\":\"EntryPoint\",\"urlTemplate\":\"https:\/\/apartmani-marta.com\/?s={search_term_string}\"},\"query-input\":{\"@type\":\"PropertyValueSpecification\",\"valueRequired\":true,\"valueName\":\"search_term_string\"}}],\"inLanguage\":\"de\"}]}<\/script>\n<!-- \/ Yoast SEO plugin. -->","yoast_head_json":{"title":"Lage und Kontakt - Apartmani Marta Novigrad Istra Hrvatska","description":"(Hrvatski) Apartmani Marta Novigrad Lokacija i Kontakt: Istarska 17, 52466 Novigrad, Istra, Hrvatska \/ appmarta.novigrad@gmail.com","robots":{"index":"index","follow":"follow","max-snippet":"max-snippet:-1","max-image-preview":"max-image-preview:large","max-video-preview":"max-video-preview:-1"},"canonical":"https:\/\/apartmani-marta.com\/kontakt\/","og_locale":"de_DE","og_type":"article","og_title":"Lage und Kontakt - Apartmani Marta Novigrad Istra Hrvatska","og_description":"{:hr}Apartmani Marta Novigrad Lokacija i Kontakt: Istarska 17, 52466 Novigrad, Istra, Hrvatska \/ appmarta.novigrad@gmail.com{:}","og_url":"https:\/\/apartmani-marta.com\/kontakt\/","og_site_name":"Apartmani Marta Novigrad Istra Hrvatska","article_modified_time":"2024-07-27T13:40:32+00:00","twitter_card":"summary_large_image","twitter_misc":{"Gesch\u00e4tzte Lesezeit":"2\u00a0Minuten"},"schema":{"@context":"https:\/\/schema.org","@graph":[{"@type":"WebPage","@id":"https:\/\/apartmani-marta.com\/kontakt\/","url":"https:\/\/apartmani-marta.com\/kontakt\/","name":"Lage und Kontakt - Apartmani Marta Novigrad Istra Hrvatska","isPartOf":{"@id":"https:\/\/apartmani-marta.com\/#website"},"datePublished":"2017-03-03T20:53:22+00:00","dateModified":"2024-07-27T13:40:32+00:00","description":"{:hr}Apartmani Marta Novigrad Lokacija i Kontakt: Istarska 17, 52466 Novigrad, Istra, Hrvatska \/ appmarta.novigrad@gmail.com{:}","breadcrumb":{"@id":"https:\/\/apartmani-marta.com\/kontakt\/#breadcrumb"},"inLanguage":"de","potentialAction":[{"@type":"ReadAction","target":["https:\/\/apartmani-marta.com\/kontakt\/"]}]},{"@type":"BreadcrumbList","@id":"https:\/\/apartmani-marta.com\/kontakt\/#breadcrumb","itemListElement":[{"@type":"ListItem","position":1,"name":"Po\u010detna stranica","item":"https:\/\/apartmani-marta.com\/"},{"@type":"ListItem","position":2,"name":"Lokacija i kontakt"}]},{"@type":"WebSite","@id":"https:\/\/apartmani-marta.com\/#website","url":"https:\/\/apartmani-marta.com\/","name":"Apartmani Marta Novigrad Istra Hrvatska","description":"Za va\u0161 odmor u Novigradu smje\u0161taj u tri komforna apartmana.","potentialAction":[{"@type":"SearchAction","target":{"@type":"EntryPoint","urlTemplate":"https:\/\/apartmani-marta.com\/?s={search_term_string}"},"query-input":{"@type":"PropertyValueSpecification","valueRequired":true,"valueName":"search_term_string"}}],"inLanguage":"de"}]}},"_links":{"self":[{"href":"https:\/\/apartmani-marta.com\/de\/wp-json\/wp\/v2\/pages\/425","targetHints":{"allow":["GET"]}}],"collection":[{"href":"https:\/\/apartmani-marta.com\/de\/wp-json\/wp\/v2\/pages"}],"about":[{"href":"https:\/\/apartmani-marta.com\/de\/wp-json\/wp\/v2\/types\/page"}],"author":[{"embeddable":true,"href":"https:\/\/apartmani-marta.com\/de\/wp-json\/wp\/v2\/users\/1"}],"replies":[{"embeddable":true,"href":"https:\/\/apartmani-marta.com\/de\/wp-json\/wp\/v2\/comments?post=425"}],"version-history":[{"count":4,"href":"https:\/\/apartmani-marta.com\/de\/wp-json\/wp\/v2\/pages\/425\/revisions"}],"predecessor-version":[{"id":764,"href":"https:\/\/apartmani-marta.com\/de\/wp-json\/wp\/v2\/pages\/425\/revisions\/764"}],"wp:attachment":[{"href":"https:\/\/apartmani-marta.com\/de\/wp-json\/wp\/v2\/media?parent=425"}],"curies":[{"name":"wp","href":"https:\/\/api.w.org\/{rel}","templated":true}]}}